{"id":50,"date":"2017-05-11T03:50:21","date_gmt":"2017-05-11T03:50:21","guid":{"rendered":"http:\/\/ecoturismocorpochivor.gov.co\/?page_id=50"},"modified":"2018-03-01T14:41:48","modified_gmt":"2018-03-01T14:41:48","slug":"sendero-garagoa","status":"publish","type":"page","link":"https:\/\/ecoturismocorpochivor.gov.co\/?page_id=50","title":{"rendered":"Sendero Garagoa"},"content":{"rendered":"<p>[et_pb_section bb_built=&#8221;1&#8243; fullwidth=&#8221;on&#8221; _builder_version=&#8221;3.0.47&#8243;][et_pb_fullwidth_menu menu_id=&#8221;2&#8243; background_color=&#8221;#0c71c3&#8243; background_layout=&#8221;dark&#8221; text_orientation=&#8221;right&#8221; submenu_direction=&#8221;downwards&#8221; fullwidth_menu=&#8221;off&#8221; active_link_color=&#8221;#b9ea27&#8243; dropdown_menu_bg_color=&#8221;#0b63c1&#8243; _builder_version=&#8221;3.0.47&#8243; menu_font=&#8221;|on||on|&#8221; \/][\/et_pb_section][et_pb_section bb_built=&#8221;1&#8243; custom_padding=&#8221;0px|0px|0px|0px&#8221; fullwidth=&#8221;on&#8221; _builder_version=&#8221;3.0.47&#8243;][et_pb_fullwidth_header title=&#8221;El Porvenir de Mamapacha&#8221; subhead=&#8221;(Garagoa &#8211; Boyac\u00e1)&#8221; title_font_color=&#8221;#ffffff&#8221; subhead_font_color=&#8221;#ffffff&#8221; _builder_version=&#8221;3.0.53&#8243; subhead_font_size=&#8221;17px&#8221; background_color=&#8221;#09599b&#8221; background_image=&#8221;https:\/\/ecoturismocorpochivor.gov.co\/wp-content\/uploads\/2017\/05\/Imagen-de-sendero2.jpg&#8221; background_url=&#8221;https:\/\/ecoturismocorpochivor.gov.co\/wp-content\/uploads\/2017\/05\/Imagen-de-sendero2.jpg&#8221; text_orientation=&#8221;left&#8221; header_fullscreen=&#8221;off&#8221; header_scroll_down=&#8221;off&#8221; image_orientation=&#8221;center&#8221; background_layout=&#8221;light&#8221; content_orientation=&#8221;center&#8221; custom_button_one=&#8221;off&#8221; button_one_letter_spacing=&#8221;0&#8243; button_one_icon_placement=&#8221;right&#8221; button_one_letter_spacing_hover=&#8221;0&#8243; custom_button_two=&#8221;off&#8221; button_two_letter_spacing=&#8221;0&#8243; button_two_icon_placement=&#8221;right&#8221; button_two_letter_spacing_hover=&#8221;0&#8243; \/][\/et_pb_section][et_pb_section bb_built=&#8221;1&#8243; custom_padding=&#8221;14px|0px|0px|0px&#8221; _builder_version=&#8221;3.0.47&#8243;][et_pb_row custom_padding=&#8221;22.6562px|0px|33px|0px&#8221; _builder_version=&#8221;3.0.47&#8243; background_size=&#8221;initial&#8221; background_position=&#8221;top_left&#8221; background_repeat=&#8221;repeat&#8221;][et_pb_column type=&#8221;1_3&#8243;][et_pb_text _builder_version=&#8221;3.0.53&#8243; background_size=&#8221;initial&#8221; background_position=&#8221;top_left&#8221; background_repeat=&#8221;repeat&#8221;]<\/p>\n<p><span style=\"color: #5b5b5b;\"><strong>Ubicaci\u00f3n: <\/strong>Municipio de Garagoa, vereda Quigua Arriba<\/span><\/p>\n<p><span style=\"color: #5b5b5b;\"><strong> Longitud: <\/strong>4207 metros <\/span><\/p>\n<p><span style=\"color: #5b5b5b;\"><strong>Tiempo de recorrido aprox: <\/strong>5 horas<\/span><\/p>\n<p><span style=\"color: #5b5b5b;\"><strong> Dificultad: <\/strong>Media <\/span><\/p>\n<p><span style=\"color: #5b5b5b;\"><strong>Modalidad: <\/strong>Guiado <\/span><\/p>\n<p><span style=\"color: #5b5b5b;\"><strong>Tipo de sendero: <\/strong>Recorrido lineal<\/span><\/p>\n<p><span style=\"color: #5b5b5b;\"><strong> Capacidad de carga:<\/strong> 6 personas<\/span><\/p>\n<p><span style=\"color: #5b5b5b;\"><strong>Puntos de Inter\u00e9s:<\/strong><\/span><\/p>\n<ul>\n<li>Bosque andino y p\u00e1ramo<\/li>\n<li>Variedad de Orqu\u00eddeas<\/li>\n<li>Cerro de Mamapacha<\/li>\n<li>Cascada<\/li>\n<\/ul>\n<p>[\/et_pb_text][\/et_pb_column][et_pb_column type=&#8221;2_3&#8243;][et_pb_gallery gallery_ids=&#8221;148,149,150&#8243; fullwidth=&#8221;on&#8221; show_pagination=&#8221;off&#8221; auto=&#8221;on&#8221; auto_speed=&#8221;3000&#8243; _builder_version=&#8221;3.0.47&#8243; \/][\/et_pb_column][\/et_pb_row][\/et_pb_section][et_pb_section bb_built=&#8221;1&#8243; background_color=&#8221;rgba(249,247,242,0.84)&#8221; custom_padding=&#8221;1px|0px|0px|0px&#8221; _builder_version=&#8221;3.0.47&#8243;][et_pb_row _builder_version=&#8221;3.0.47&#8243; background_size=&#8221;initial&#8221; background_position=&#8221;top_left&#8221; background_repeat=&#8221;repeat&#8221;][et_pb_column type=&#8221;4_4&#8243;][et_pb_tabs active_tab_background_color=&#8221;#2486d6&#8243; inactive_tab_background_color=&#8221;#0b61b7&#8243; _builder_version=&#8221;3.0.53&#8243; tab_font_size=&#8221;16px&#8221; tab_font_size_tablet=&#8221;10px&#8221; tab_font_size_phone=&#8221;14px&#8221; tab_font_size_last_edited=&#8221;on|tablet&#8221; tab_text_color=&#8221;#ffffff&#8221; background_size=&#8221;initial&#8221; background_position=&#8221;top_left&#8221; background_repeat=&#8221;repeat&#8221;] [et_pb_tab title=&#8221;Objetivo del Sendero&#8221; _builder_version=&#8221;3.0.47&#8243; tab_font=&#8221;||||&#8221; tab_line_height=&#8221;2em&#8221; tab_line_height_tablet=&#8221;2em&#8221; tab_line_height_phone=&#8221;2em&#8221; body_font=&#8221;||||&#8221; body_line_height=&#8221;2em&#8221; body_line_height_tablet=&#8221;2em&#8221; body_line_height_phone=&#8221;2em&#8221; background_size=&#8221;initial&#8221; background_position=&#8221;top_left&#8221; background_repeat=&#8221;repeat&#8221;]<\/p>\n<p style=\"text-align: justify;\">La contemplaci\u00f3n de los atractivos naturales y el encuentro entre el hombre y sus or\u00edgenes son el principal motivo para hacer este recorrido, a esto se suman sus caracter\u00edsticas topogr\u00e1ficas y su ubicaci\u00f3n que constituye en escenario ideal para las visitas de observaci\u00f3n paisaj\u00edstica y del entorno natural, durante el recorrido se puede apreciar la belleza del bosque andino y su valor como ecosistema estrat\u00e9gico, constituy\u00e9ndose en \u00e1rea natural de vital importancia para la estabilidad ecol\u00f3gica de una extensa \u00e1rea geogr\u00e1fica, no solo en materia de preservaci\u00f3n de fuentes h\u00eddricas, sino de diversidad bot\u00e1nica y de fauna local. Adicionalmente, el Cerro de Mamapacha, dentro del P\u00e1ramo del mismo nombre, se constituye en espacio tutelar del Municipio de Garagoa, elevaci\u00f3n que por sus caracter\u00edsticas bi\u00f3ticas y su carga cultural cuenta con una alta apropiaci\u00f3n social que lo hace punto focal para valorar y contemplar los recursos naturales y la tradici\u00f3n oral del Municipio.<\/p>\n<p>[\/et_pb_tab][et_pb_tab title=&#8221;Recomendaciones para el Turista&#8221; _builder_version=&#8221;3.0.47&#8243; tab_font=&#8221;||||&#8221; tab_line_height=&#8221;2em&#8221; tab_line_height_tablet=&#8221;2em&#8221; tab_line_height_phone=&#8221;2em&#8221; body_font=&#8221;||||&#8221; body_line_height=&#8221;2em&#8221; body_line_height_tablet=&#8221;2em&#8221; body_line_height_phone=&#8221;2em&#8221; background_size=&#8221;initial&#8221; background_position=&#8221;top_left&#8221; background_repeat=&#8221;repeat&#8221;]<\/p>\n<ul>\n<li>Llevar alimento y agua suficiente para el trayecto. Se recomiendan 2 lts. de agua diarios por persona.<\/li>\n<li>Calzado adecuado (c\u00f3modo y que sujete al tobillo) con medias de algod\u00f3n que calcen justas, para evitar rozamientos y lastimaduras.<\/li>\n<li>Se recomienda pantal\u00f3n largo o camisa manga larga, gorro protector, abrigo e impermeable, una mochila.<\/li>\n<li>Descansar 5 minutos cada hora.<\/li>\n<li>Mantener un ritmo constante y relajado de caminata, de acuerdo a las propias capacidades.<\/li>\n<li>No aislarse del grupo ni del gu\u00eda y seguir responsablemente todas las indicaciones de seguridad y orientaciones que sean impartidas por el gu\u00eda.<\/li>\n<li>Estar al tanto de las condiciones clim\u00e1ticas de la zona y precaver cualquier cambio brusco en el estado del tiempo.<\/li>\n<li>Poner atenci\u00f3n a se\u00f1ales y caracter\u00edsticas del terreno que puedan ser usadas como puntos de referencia.<\/li>\n<li>No consumir alcohol y sustancias alucin\u00f3genas.<\/li>\n<li>No arrojar basura. Si usted la trajo, usted se la lleva. Si encuentra basura y la puede recoger, mucha gente se lo agradecer\u00e1.<\/li>\n<li>No hacer fuego y est\u00e1 prohibido fumar.<\/li>\n<li>No recoger espec\u00edmenes de flora y fauna, salvo permiso de investigaci\u00f3n otorgado por la autoridad ambiental.<\/li>\n<li>No abrir nuevos caminos, (seguir las rutas definidas).<\/li>\n<li>No rayar, pintar o marcar piedras y \u00e1rboles. Nadie necesita saber que usted estuvo all\u00ed.<\/li>\n<li>Procure no dejar huellas de su permanencia en un lugar. Esto permitir\u00e1 a otros visitantes disfrutar la naturaleza intacta.<\/li>\n<\/ul>\n<p><img loading=\"lazy\" decoding=\"async\" class=\"alignnone size-full wp-image-393\" src=\"https:\/\/ecoturismocorpochivor.gov.co\/wp-content\/uploads\/2017\/05\/Prohibido_1.png\" alt=\"\" width=\"80\" height=\"80\" \/> <img loading=\"lazy\" decoding=\"async\" class=\"alignnone size-full wp-image-394\" src=\"https:\/\/ecoturismocorpochivor.gov.co\/wp-content\/uploads\/2017\/05\/Prohibido_2.png\" alt=\"\" width=\"80\" height=\"80\" \/> <img loading=\"lazy\" decoding=\"async\" class=\"alignnone size-full wp-image-395\" src=\"https:\/\/ecoturismocorpochivor.gov.co\/wp-content\/uploads\/2017\/05\/Prohibido_3.png\" alt=\"\" width=\"80\" height=\"80\" \/> <img loading=\"lazy\" decoding=\"async\" class=\"alignnone size-full wp-image-396\" src=\"https:\/\/ecoturismocorpochivor.gov.co\/wp-content\/uploads\/2017\/05\/Prohibido_4.png\" alt=\"\" width=\"80\" height=\"80\" \/><\/p>\n<p>[\/et_pb_tab] [\/et_pb_tabs][\/et_pb_column][\/et_pb_row][\/et_pb_section][et_pb_section bb_built=&#8221;1&#8243; background_color=&#8221;rgba(255,255,255,0.82)&#8221; _builder_version=&#8221;3.0.47&#8243; custom_padding=&#8221;42px|0px|59px|0px&#8221;][et_pb_row custom_padding=&#8221;0px|0px|0px|0px&#8221; _builder_version=&#8221;3.0.47&#8243; background_size=&#8221;initial&#8221; background_position=&#8221;top_left&#8221; background_repeat=&#8221;repeat&#8221;][et_pb_column type=&#8221;4_4&#8243;][et_pb_text _builder_version=&#8221;3.0.47&#8243; background_size=&#8221;initial&#8221; background_position=&#8221;top_left&#8221; background_repeat=&#8221;repeat&#8221;]<\/p>\n<h2><span style=\"color: #014542;\">Mapa del Recorrido<\/span><\/h2>\n<p>[\/et_pb_text][et_pb_image src=&#8221;https:\/\/ecoturismocorpochivor.gov.co\/wp-content\/uploads\/2017\/05\/Mapa_mamapacha.jpg&#8221; _builder_version=&#8221;3.0.53&#8243; \/][\/et_pb_column][\/et_pb_row][et_pb_row _builder_version=&#8221;3.0.47&#8243; background_size=&#8221;initial&#8221; background_position=&#8221;top_left&#8221; background_repeat=&#8221;repeat&#8221; custom_padding=&#8221;43px|0px|29px|0px&#8221;][et_pb_column type=&#8221;4_4&#8243;][et_pb_text _builder_version=&#8221;3.0.53&#8243; background_size=&#8221;initial&#8221; background_position=&#8221;top_left&#8221; background_repeat=&#8221;repeat&#8221;]<\/p>\n<h2><span style=\"color: #b03617;\">Estaciones Interpretativas<\/span><\/h2>\n<p>[\/et_pb_text][et_pb_tabs active_tab_background_color=&#8221;#73baab&#8221; inactive_tab_background_color=&#8221;#014542&#8243; _builder_version=&#8221;3.0.53&#8243; tab_font_size=&#8221;16px&#8221; tab_font_size_tablet=&#8221;10px&#8221; tab_font_size_phone=&#8221;14px&#8221; tab_font_size_last_edited=&#8221;on|tablet&#8221; tab_text_color=&#8221;#ffffff&#8221; background_size=&#8221;initial&#8221; background_position=&#8221;top_left&#8221; background_repeat=&#8221;repeat&#8221;] [et_pb_tab title=&#8221;Guardiana de la Monta\u00f1a&#8221; _builder_version=&#8221;3.0.47&#8243; tab_font=&#8221;||||&#8221; tab_line_height=&#8221;2em&#8221; tab_line_height_tablet=&#8221;2em&#8221; tab_line_height_phone=&#8221;2em&#8221; body_font=&#8221;||||&#8221; body_line_height=&#8221;2em&#8221; body_line_height_tablet=&#8221;2em&#8221; body_line_height_phone=&#8221;2em&#8221; background_size=&#8221;initial&#8221; background_position=&#8221;top_left&#8221; background_repeat=&#8221;repeat&#8221;]<\/p>\n<p style=\"text-align: justify;\"><img loading=\"lazy\" decoding=\"async\" class=\"size-full wp-image-447 alignleft\" src=\"https:\/\/ecoturismocorpochivor.gov.co\/wp-content\/uploads\/2017\/05\/Icono_12.png\" alt=\"\" width=\"48\" height=\"75\" \/>El Distrito Regional de Manejo Integrado (DRMI) Mamapacha y Bijagual, se localiza en la cordillera oriental Colombiana, en el sur del departamento de Boyac\u00e1, en los municipios Garagoa, Chinavita, Ramiriqu\u00ed, Tiban\u00e1, Ci\u00e9nega y Viracach\u00e1, territorio jurisdicci\u00f3n de CORPOCHIVOR. Se encuentra entre los 1750 y 3500msnm, consolidando un \u00e1rea total de 25.104 hect\u00e1reas, protegiendo 10.682,36 hect\u00e1reas de p\u00e1ramo adem\u00e1s de zonas de bosque altoandino; con una abundante oferta h\u00eddrica proporcionada por los ecosistemas del \u00e1rea protegida los cuales albergan una riqu\u00edsima diversidad de flora y fauna.<\/p>\n<p style=\"text-align: justify;\">Es oportuno hacer remembranza de la tradici\u00f3n oral del municipio de Garagoa, la leyenda que nos habla de \u201dMamapacha o Do\u00f1a Francisca\u201d, matrona que moraba en las faldas del cerro que lleva su nombre en compa\u00f1\u00eda de extra\u00f1as criaturas de baja estatura con atuendos extra\u00f1os, llamados mohanes; sus dominios cubr\u00edan toda la serran\u00eda, en \u00e9poca de sequ\u00eda ordenaba a los sus guardianes bajar al pueblo, raptar una mujer hermosa y en una sobrenatural ceremonia; bailando y tocando una m\u00fasica m\u00e1gica, ofrec\u00edan su esencia a la naturaleza en forma de agua alimentando lagunas y quebradas; seg\u00fan la leyenda, cuando personas insensibles talaban \u00e1rboles o cazaban animales, se manifestaba en fuertes tempestades, desbordando las quebradas por las que ve\u00edan bajar a los mohanes con bueyes, cerdos y gallinas de oro, en el presente su nombre prevalece como s\u00edmbolo ecol\u00f3gico; nos invita a cuidar y respetar la naturaleza preservando las especies para un futuro promisorio.<\/p>\n<p>[\/et_pb_tab][et_pb_tab title=&#8221;Alto del Guache&#8221; _builder_version=&#8221;3.0.47&#8243; tab_font=&#8221;||||&#8221; tab_line_height=&#8221;2em&#8221; tab_line_height_tablet=&#8221;2em&#8221; tab_line_height_phone=&#8221;2em&#8221; body_font=&#8221;||||&#8221; body_line_height=&#8221;2em&#8221; body_line_height_tablet=&#8221;2em&#8221; body_line_height_phone=&#8221;2em&#8221; background_size=&#8221;initial&#8221; background_position=&#8221;top_left&#8221; background_repeat=&#8221;repeat&#8221;]<\/p>\n<p style=\"text-align: justify;\"><img loading=\"lazy\" decoding=\"async\" class=\"size-full wp-image-450 alignleft\" src=\"https:\/\/ecoturismocorpochivor.gov.co\/wp-content\/uploads\/2017\/05\/Icono_13.png\" alt=\"\" width=\"48\" height=\"75\" \/>El denominado alto del Guache deriva su nombre del mam\u00edfero del mismo nombre tambi\u00e9n conocido como Cusumbo o Coat\u00ed Andino, especie que anta\u00f1o abundaba en esta \u00e1rea y era caracter\u00edstica del lugar; dicho animal es un peque\u00f1o omn\u00edvoro que presta un servicio invaluable a los humanos, ya que con sus recorridos por el p\u00e1ramo y los bosques andinos logra dispersar semillas para que nuevas plantas crezcan en esos ecosistemas y presten sus servicios ecosist\u00e9micos.<\/p>\n<p style=\"text-align: justify;\">El Guache o Coat\u00ed es una de las especies en estado de extinci\u00f3n como consecuencia de las acciones del hombre contra el medio ambiente, a su caza indiscriminada, la destrucci\u00f3n de su h\u00e1bitat por la tala de los bosques o la agricultura extensiva, factores como estos han impactado negativamente el \u00e1rea y han afectado a varias especies de flora y fauna, de no reducir dichas acciones este mam\u00edfero junto a otras especies podr\u00edan desaparecer antes de 10 o 20 a\u00f1os. El Oso de Anteojos \u201cTremarctos Ornatos\u201d, tambi\u00e9n es otra de las especies de fauna con registros en la zona. La vegetaci\u00f3n representativa del bosque andino y bosque altoandino predomina en el recorrido con abundancia de especies como el morti\u00f1o, helecho arbustivo, cordoncillo, uvo, granizo, higuer\u00f3n, encenillo, chite, tuno, angelito, variedad de orqu\u00eddeas, array\u00e1n, laurel de cera, cucharo, \u00e1rbol sietecueros, gaques y una de la m\u00e1s importantes y que se avista desde el Cuchilla de Mamapacha, esbelta en su belleza y maravillosa en su gran altura, es la Palma de Cera Delgada (Ceroxylon vogelianum); que se erige como una guardiana de la monta\u00f1a, adem\u00e1s de ser el albergue y fuente de alimento de muchas especies, primordialmente del Periquito Aliamarillo (Pyrrhuara Calliptera) el cual es un individuo que s\u00f3lo se encuentra en la regi\u00f3n y que est\u00e1 en peligro de extinci\u00f3n, otro de los atractivos faun\u00edsticos del sector.<\/p>\n<p>[\/et_pb_tab] [\/et_pb_tabs][\/et_pb_column][\/et_pb_row][\/et_pb_section][et_pb_section bb_built=&#8221;1&#8243; admin_label=&#8221;section&#8221; fullwidth=&#8221;on&#8221; _builder_version=&#8221;3.0.47&#8243;][et_pb_fullwidth_image src=&#8221;https:\/\/ecoturismocorpochivor.gov.co\/wp-content\/uploads\/2017\/05\/1-Cenefa-WEB.png&#8221; animation=&#8221;off&#8221; _builder_version=&#8221;3.0.47&#8243; \/][\/et_pb_section]<\/p>\n<!-- AddThis Advanced Settings generic via filter on the_content --><!-- AddThis Share Buttons generic via filter on the_content -->","protected":false},"excerpt":{"rendered":"<p>Ubicaci\u00f3n: Municipio de Garagoa, vereda Quigua Arriba Longitud: 4207 metros Tiempo de recorrido aprox: 5 horas Dificultad: Media Modalidad: Guiado Tipo de sendero: Recorrido lineal Capacidad de carga: 6 personas Puntos de Inter\u00e9s: Bosque andino y p\u00e1ramo Variedad de Orqu\u00eddeas Cerro de Mamapacha Cascada La contemplaci\u00f3n de los atractivos naturales y el encuentro entre el [&hellip;]<\/p>\n<p><!-- AddThis Advanced Settings generic via filter on get_the_excerpt --><!-- AddThis Share Buttons generic via filter on get_the_excerpt --><\/p>\n","protected":false},"author":1,"featured_media":0,"parent":0,"menu_order":0,"comment_status":"closed","ping_status":"closed","template":"","meta":{"_et_pb_use_builder":"on","_et_pb_old_content":"","_et_gb_content_width":"","footnotes":""},"class_list":["post-50","page","type-page","status-publish","hentry"],"_links":{"self":[{"href":"https:\/\/ecoturismocorpochivor.gov.co\/index.php?rest_route=\/wp\/v2\/pages\/50","targetHints":{"allow":["GET"]}}],"collection":[{"href":"https:\/\/ecoturismocorpochivor.gov.co\/index.php?rest_route=\/wp\/v2\/pages"}],"about":[{"href":"https:\/\/ecoturismocorpochivor.gov.co\/index.php?rest_route=\/wp\/v2\/types\/page"}],"author":[{"embeddable":true,"href":"https:\/\/ecoturismocorpochivor.gov.co\/index.php?rest_route=\/wp\/v2\/users\/1"}],"replies":[{"embeddable":true,"href":"https:\/\/ecoturismocorpochivor.gov.co\/index.php?rest_route=%2Fwp%2Fv2%2Fcomments&post=50"}],"version-history":[{"count":0,"href":"https:\/\/ecoturismocorpochivor.gov.co\/index.php?rest_route=\/wp\/v2\/pages\/50\/revisions"}],"wp:attachment":[{"href":"https:\/\/ecoturismocorpochivor.gov.co\/index.php?rest_route=%2Fwp%2Fv2%2Fmedia&parent=50"}],"curies":[{"name":"wp","href":"https:\/\/api.w.org\/{rel}","templated":true}]}}