{"id":52,"date":"2017-05-11T03:50:58","date_gmt":"2017-05-11T03:50:58","guid":{"rendered":"http:\/\/ecoturismocorpochivor.gov.co\/?page_id=52"},"modified":"2018-03-01T15:25:11","modified_gmt":"2018-03-01T15:25:11","slug":"sendero-umbita","status":"publish","type":"page","link":"https:\/\/ecoturismocorpochivor.gov.co\/?page_id=52","title":{"rendered":"Sendero \u00dambita"},"content":{"rendered":"<p>[et_pb_section bb_built=&#8221;1&#8243; fullwidth=&#8221;on&#8221; _builder_version=&#8221;3.0.47&#8243;][et_pb_fullwidth_menu menu_id=&#8221;2&#8243; background_color=&#8221;#0c71c3&#8243; background_layout=&#8221;dark&#8221; text_orientation=&#8221;right&#8221; submenu_direction=&#8221;downwards&#8221; fullwidth_menu=&#8221;off&#8221; active_link_color=&#8221;#b9ea27&#8243; dropdown_menu_bg_color=&#8221;#0b63c1&#8243; _builder_version=&#8221;3.0.47&#8243; menu_font=&#8221;|on||on|&#8221; \/][\/et_pb_section][et_pb_section bb_built=&#8221;1&#8243; custom_padding=&#8221;0px|0px|0px|0px&#8221; fullwidth=&#8221;on&#8221; _builder_version=&#8221;3.0.47&#8243;][et_pb_fullwidth_header title=&#8221; Cerro de Castillejo&#8221; subhead=&#8221;(\u00dambita &#8211; Boyac\u00e1)&#8221; title_font_color=&#8221;#ffffff&#8221; subhead_font_color=&#8221;#ffffff&#8221; _builder_version=&#8221;3.0.53&#8243; subhead_font_size=&#8221;17px&#8221; background_color=&#8221;#09599b&#8221; background_image=&#8221;https:\/\/ecoturismocorpochivor.gov.co\/wp-content\/uploads\/2017\/05\/Imagen-de-sendero2.jpg&#8221; background_url=&#8221;https:\/\/ecoturismocorpochivor.gov.co\/wp-content\/uploads\/2017\/05\/Imagen-de-sendero2.jpg&#8221; \/][\/et_pb_section][et_pb_section bb_built=&#8221;1&#8243; custom_padding=&#8221;14px|0px|0px|0px&#8221; _builder_version=&#8221;3.0.47&#8243;][et_pb_row custom_padding=&#8221;22.6562px|0px|33px|0px&#8221; _builder_version=&#8221;3.0.47&#8243; background_size=&#8221;initial&#8221; background_position=&#8221;top_left&#8221; background_repeat=&#8221;repeat&#8221;][et_pb_column type=&#8221;1_3&#8243;][et_pb_text _builder_version=&#8221;3.0.53&#8243; background_size=&#8221;initial&#8221; background_position=&#8221;top_left&#8221; background_repeat=&#8221;repeat&#8221;]<\/p>\n<p><strong>Ubicaci\u00f3n:\u00a0<\/strong>Municipio de \u00dambita, vereda Centro Arriba<\/p>\n<p><strong>Longuitud:<\/strong>\u00a03.130 metros en total<\/p>\n<p><strong>Tiempo de recorrido aprox:<\/strong> 2,5 Horas<\/p>\n<p><strong>Dificultad:<\/strong> Alto<\/p>\n<p><strong>Modalidad:<\/strong> Guiado<\/p>\n<p><strong>Tipo de Sendero:<\/strong>\u00a0Recorrido semicircular<\/p>\n<p><strong>Capacidad de Carga:<\/strong>\u00a08 personas al d\u00eda<\/p>\n<p><span style=\"color: #5b5b5b;\"><strong>Puntos de Inter\u00e9s:<\/strong><\/span><\/p>\n<ul>\n<li>Cerro de Castillejo a 3103 msnm<\/li>\n<li>Bosque h\u00famedo montano<\/li>\n<li>Avistamiento de \u00e1guilas (Buteo magnirostris)<\/li>\n<\/ul>\n<p>[\/et_pb_text][\/et_pb_column][et_pb_column type=&#8221;2_3&#8243;][et_pb_gallery gallery_ids=&#8221;148,149,150&#8243; fullwidth=&#8221;on&#8221; show_pagination=&#8221;off&#8221; auto=&#8221;on&#8221; auto_speed=&#8221;3000&#8243; _builder_version=&#8221;3.0.47&#8243; \/][\/et_pb_column][\/et_pb_row][\/et_pb_section][et_pb_section bb_built=&#8221;1&#8243; background_color=&#8221;rgba(249,247,242,0.84)&#8221; custom_padding=&#8221;1px|0px|0px|0px&#8221; _builder_version=&#8221;3.0.47&#8243;][et_pb_row _builder_version=&#8221;3.0.47&#8243; background_size=&#8221;initial&#8221; background_position=&#8221;top_left&#8221; background_repeat=&#8221;repeat&#8221;][et_pb_column type=&#8221;4_4&#8243;][et_pb_tabs active_tab_background_color=&#8221;#2486d6&#8243; inactive_tab_background_color=&#8221;#0b61b7&#8243; _builder_version=&#8221;3.0.53&#8243; tab_font_size=&#8221;16px&#8221; tab_font_size_tablet=&#8221;10px&#8221; tab_font_size_phone=&#8221;14px&#8221; tab_font_size_last_edited=&#8221;on|tablet&#8221; tab_text_color=&#8221;#ffffff&#8221; background_size=&#8221;initial&#8221; background_position=&#8221;top_left&#8221; background_repeat=&#8221;repeat&#8221;] [et_pb_tab title=&#8221;Objetivo del Sendero&#8221; _builder_version=&#8221;3.0.47&#8243; tab_font=&#8221;||||&#8221; tab_line_height=&#8221;2em&#8221; tab_line_height_tablet=&#8221;2em&#8221; tab_line_height_phone=&#8221;2em&#8221; body_font=&#8221;||||&#8221; body_line_height=&#8221;2em&#8221; body_line_height_tablet=&#8221;2em&#8221; body_line_height_phone=&#8221;2em&#8221; background_size=&#8221;initial&#8221; background_position=&#8221;top_left&#8221; background_repeat=&#8221;repeat&#8221;]<\/p>\n<p style=\"text-align: justify;\">Por sus caracter\u00edsticas topogr\u00e1\ufb01cas y su ubicaci\u00f3n se constituye en escenario ideal para las visitas\u00a0de observaci\u00f3n paisaj\u00edstica y del entorno natural, durante el recorrido se puede apreciar la belleza\u00a0del bosque andino y su valor natural como ecosistema, constituy\u00e9ndose en \u00e1rea natural de vital\u00a0importancia para la estabilidad ecol\u00f3gica de una extensa \u00e1rea geogr\u00e1\ufb01ca, no solo en materia de\u00a0preservaci\u00f3n de fuentes h\u00eddricas, sino de diversidad bot\u00e1nica y de fauna local. Adicionalmente, el\u00a0Cerro de Castillejo, como espacio tutelar del Municipio de \u00dambita, cuenta con una alta apropiaci\u00f3n\u00a0social por parte de la comunidad que tradicionalmente lo ha visitado y lo tiene establecido en su\u00a0imaginario como mirador natural y referente ambiental y geogr\u00e1\ufb01co del municipio.<\/p>\n<p>[\/et_pb_tab][et_pb_tab title=&#8221;Recomendaciones para el Turista&#8221; _builder_version=&#8221;3.0.47&#8243; tab_font=&#8221;||||&#8221; tab_line_height=&#8221;2em&#8221; tab_line_height_tablet=&#8221;2em&#8221; tab_line_height_phone=&#8221;2em&#8221; body_font=&#8221;||||&#8221; body_line_height=&#8221;2em&#8221; body_line_height_tablet=&#8221;2em&#8221; body_line_height_phone=&#8221;2em&#8221; background_size=&#8221;initial&#8221; background_position=&#8221;top_left&#8221; background_repeat=&#8221;repeat&#8221;]<\/p>\n<ul>\n<li>Llevar alimento y agua suficiente para el trayecto. Se recomiendan 2 lts. de agua diarios por persona.<\/li>\n<li>Calzado adecuado (c\u00f3modo y que sujete al tobillo) con medias de algod\u00f3n que calcen justas, para evitar rozamientos y lastimaduras.<\/li>\n<li>Se recomienda pantal\u00f3n largo o camisa manga larga, gorro protector, abrigo e impermeable, una mochila.<\/li>\n<li>Descansar 5 minutos cada hora.<\/li>\n<li>Mantener un ritmo constante y relajado de caminata, de acuerdo a las propias capacidades.<\/li>\n<li>No aislarse del grupo ni del gu\u00eda y seguir responsablemente todas las indicaciones de seguridad y orientaciones que sean impartidas por el gu\u00eda.<\/li>\n<li>Estar al tanto de las condiciones clim\u00e1ticas de la zona y precaver cualquier cambio brusco en el estado del tiempo.<\/li>\n<li>Poner atenci\u00f3n a se\u00f1ales y caracter\u00edsticas del terreno que puedan ser usadas como puntos de referencia.<\/li>\n<li>No consumir alcohol y sustancias alucin\u00f3genas.<\/li>\n<li>No arrojar basura. Si usted la trajo, usted se la lleva. Si encuentra basura y la puede recoger, mucha gente se lo agradecer\u00e1.<\/li>\n<li>No hacer fuego y est\u00e1 prohibido fumar.<\/li>\n<li>No recoger espec\u00edmenes de flora y fauna, salvo permiso de investigaci\u00f3n otorgado por la autoridad ambiental.<\/li>\n<li>No abrir nuevos caminos, (seguir las rutas definidas).<\/li>\n<li>No rayar, pintar o marcar piedras y \u00e1rboles. Nadie necesita saber que usted estuvo all\u00ed.<\/li>\n<li>Procure no dejar huellas de su permanencia en un lugar. Esto permitir\u00e1 a otros visitantes disfrutar la naturaleza intacta.<\/li>\n<\/ul>\n<p><img loading=\"lazy\" decoding=\"async\" class=\"alignnone size-full wp-image-393\" src=\"https:\/\/ecoturismocorpochivor.gov.co\/wp-content\/uploads\/2017\/05\/Prohibido_1.png\" alt=\"\" width=\"80\" height=\"80\" \/> <img loading=\"lazy\" decoding=\"async\" class=\"alignnone size-full wp-image-394\" src=\"https:\/\/ecoturismocorpochivor.gov.co\/wp-content\/uploads\/2017\/05\/Prohibido_2.png\" alt=\"\" width=\"80\" height=\"80\" \/> <img loading=\"lazy\" decoding=\"async\" class=\"alignnone size-full wp-image-395\" src=\"https:\/\/ecoturismocorpochivor.gov.co\/wp-content\/uploads\/2017\/05\/Prohibido_3.png\" alt=\"\" width=\"80\" height=\"80\" \/> <img loading=\"lazy\" decoding=\"async\" class=\"alignnone size-full wp-image-396\" src=\"https:\/\/ecoturismocorpochivor.gov.co\/wp-content\/uploads\/2017\/05\/Prohibido_4.png\" alt=\"\" width=\"80\" height=\"80\" \/><\/p>\n<p class=\"p1\" style=\"padding-left: 30px;\"><span class=\"s1\">\u00a0<\/span><\/p>\n<p>[\/et_pb_tab] [\/et_pb_tabs][\/et_pb_column][\/et_pb_row][\/et_pb_section][et_pb_section bb_built=&#8221;1&#8243; background_color=&#8221;rgba(255,255,255,0.82)&#8221; custom_padding=&#8221;31px|0px|59px|0px&#8221; _builder_version=&#8221;3.0.47&#8243;][et_pb_row custom_padding=&#8221;0px|0px|23px|0px&#8221; _builder_version=&#8221;3.0.47&#8243; background_size=&#8221;initial&#8221; background_position=&#8221;top_left&#8221; background_repeat=&#8221;repeat&#8221;][et_pb_column type=&#8221;4_4&#8243;][et_pb_text _builder_version=&#8221;3.0.53&#8243; background_size=&#8221;initial&#8221; background_position=&#8221;top_left&#8221; background_repeat=&#8221;repeat&#8221;]<\/p>\n<h2><span style=\"color: #55b271;\">Mapa del Recorrido<\/span><\/h2>\n<p>[\/et_pb_text][\/et_pb_column][\/et_pb_row][et_pb_row custom_padding=&#8221;0px|0px|0px|0px&#8221; _builder_version=&#8221;3.0.47&#8243; background_size=&#8221;initial&#8221; background_position=&#8221;top_left&#8221; background_repeat=&#8221;repeat&#8221;][et_pb_column type=&#8221;4_4&#8243;][et_pb_image src=&#8221;https:\/\/ecoturismocorpochivor.gov.co\/wp-content\/uploads\/2017\/05\/Mapas_Cerro_Castillejo.jpg&#8221; _builder_version=&#8221;3.0.53&#8243; \/][et_pb_text _builder_version=&#8221;3.0.53&#8243; background_size=&#8221;initial&#8221; background_position=&#8221;top_left&#8221; background_repeat=&#8221;repeat&#8221;]<\/p>\n<h2><span style=\"color: #3d8152;\">Estaciones Interpretativas<\/span><\/h2>\n<p>[\/et_pb_text][et_pb_tabs active_tab_background_color=&#8221;#55b271&#8243; inactive_tab_background_color=&#8221;#3d8152&#8243; _builder_version=&#8221;3.0.53&#8243; tab_font_size=&#8221;16px&#8221; tab_font_size_tablet=&#8221;10px&#8221; tab_font_size_phone=&#8221;14px&#8221; tab_font_size_last_edited=&#8221;on|tablet&#8221; tab_text_color=&#8221;#ffffff&#8221; background_size=&#8221;initial&#8221; background_position=&#8221;top_left&#8221; background_repeat=&#8221;repeat&#8221; border_style=&#8221;solid&#8221;] [et_pb_tab title=&#8221;Mirador Umbitano&#8221; _builder_version=&#8221;3.0.47&#8243; tab_font=&#8221;||||&#8221; tab_line_height=&#8221;2em&#8221; tab_line_height_tablet=&#8221;2em&#8221; tab_line_height_phone=&#8221;2em&#8221; body_font=&#8221;||||&#8221; body_line_height=&#8221;2em&#8221; body_line_height_tablet=&#8221;2em&#8221; body_line_height_phone=&#8221;2em&#8221; background_size=&#8221;initial&#8221; background_position=&#8221;top_left&#8221; background_repeat=&#8221;repeat&#8221; use_background_color_gradient=&#8221;off&#8221; background_color_gradient_start=&#8221;#2b87da&#8221; background_color_gradient_end=&#8221;#29c4a9&#8243; background_color_gradient_type=&#8221;linear&#8221; background_color_gradient_direction=&#8221;180deg&#8221; background_color_gradient_direction_radial=&#8221;center&#8221; background_color_gradient_start_position=&#8221;0%&#8221; background_color_gradient_end_position=&#8221;100%&#8221; parallax=&#8221;off&#8221; parallax_method=&#8221;on&#8221; background_blend=&#8221;normal&#8221; allow_player_pause=&#8221;off&#8221; tab_font_select=&#8221;default&#8221; body_font_select=&#8221;default&#8221;]<\/p>\n<p style=\"text-align: justify;\"><img loading=\"lazy\" decoding=\"async\" class=\"size-full wp-image-414 alignleft\" src=\"https:\/\/ecoturismocorpochivor.gov.co\/wp-content\/uploads\/2017\/05\/Icono_1.png\" alt=\"\" width=\"48\" height=\"75\" \/>El municipio de \u00dambita se encuentra ubicado en la provincia de M\u00e1rquez del departamento de Boyac\u00e1, limita\u00a0por el Norte con los municipios de Turmequ\u00e9, Nuevo Col\u00f3n y Tiban\u00e1; por el oriente con Chinavita y Pachavita;\u00a0por el Sur con La Capilla y Tibirita (Cundinamarca) y por el\u00a0occidente con Villapinz\u00f3n (Cundinamarca). (Fuente: Atlas\u00a0Geogr\u00e1\ufb01co y ambiental de Corpochivor).<\/p>\n<p style=\"text-align: justify;\">Etimol\u00f3gicamente \u00daMBITA, es un vocablo de origen chibcha cuyo signi\ufb01cado seg\u00fan se ha establecido es \u201cMonta\u00f1a de labranza\u201d; los territorios que hoy ocupa fueron tierras habitadas por los Chibchas que establecieron viviendas y cultivos en lo que se denomin\u00f3 el cercado de Icabuco; el territorio fue paulatinamente colonizado y poblado por espa\u00f1oles y mestizos en los tiempos coloniales y\u00a0fue dado en administraci\u00f3n al conquistador Alonso Dom\u00ednguez Beltr\u00e1n, quien fue su primer Encomendero\u00a0como recompensa por servicios a la corona espa\u00f1ola,\u00a0originalmente el repartimiento era gobernado por el Cacique Cochonuba a quien tambi\u00e9n llamaron el Zipa chiquito. Formalmente \u00dambita fue fundado por Don Gabriel\u00a0del Toro en el a\u00f1o de 1778. Los territorios de \u00dambita, por\u00a0su fertilidad y belleza fueron basti\u00f3n de los pueblos originarios y su legado \u00e9tnico y cultural permanece entre sus\u00a0habitantes al igual que el deseo por proteger y preservar\u00a0sus riquezas naturales y culturales.<\/p>\n<p>[\/et_pb_tab][et_pb_tab title=&#8221;Alto de la Cruz&#8221; _builder_version=&#8221;3.0.47&#8243; tab_font=&#8221;||||&#8221; tab_line_height=&#8221;2em&#8221; tab_line_height_tablet=&#8221;2em&#8221; tab_line_height_phone=&#8221;2em&#8221; body_font=&#8221;||||&#8221; body_line_height=&#8221;2em&#8221; body_line_height_tablet=&#8221;2em&#8221; body_line_height_phone=&#8221;2em&#8221; background_size=&#8221;initial&#8221; background_position=&#8221;top_left&#8221; background_repeat=&#8221;repeat&#8221;]<\/p>\n<p style=\"text-align: justify;\"><img loading=\"lazy\" decoding=\"async\" class=\"size-full wp-image-526 alignleft\" src=\"https:\/\/ecoturismocorpochivor.gov.co\/wp-content\/uploads\/2017\/05\/Icono_18.png\" alt=\"\" width=\"48\" height=\"75\" \/>Desde esta elevaci\u00f3n se puede contemplar la magni\ufb01cencia del panorama, sus caracter\u00edsticas escarpa\u00a0das sirven de plataforma para el deleite sensorial, el\u00a0bosque de monta\u00f1a, la topograf\u00eda circundante y la variedad de verdes permiten apreciar y valorar con\u00a0mayor apropiaci\u00f3n la belleza del lugar para interiorizar la misi\u00f3n de proteger el ecosistema.<\/p>\n<p style=\"text-align: justify;\">Acompa\u00f1a este ascenso adem\u00e1s la soberbia presencia del \u00e1guila de P\u00e1ramo que sobrevuela sus dominios y permite disfrutar de su majestuosa presencia\u00a0en el alto de la cruz, lugar representativo del municipio y del cerro mismo que encarna valores tradicionales y espiritualidad de la comunidad. Es preciso re\ufb02exionar sobre la riqueza ambiental que presenta esta \u00e1rea y en particular la variedad de especies de\u00a0avifauna que encontramos, con espec\u00edmenes que entre los que se cuenta adem\u00e1s del \u00e1guila, la perdiz,\u00a0el carpintero, canario, copet\u00f3n, cucarachero, mirla,\u00a0azulejo, chirlobirlo, papamoscas, gavil\u00e1n, paloma torcaza, golondrina, colibr\u00ed, entre otras, dignas de ser\u00a0apreciadas y conocer con m\u00e1s profundidad sus caracter\u00edsticas vitales.<\/p>\n<p>[\/et_pb_tab][et_pb_tab title=&#8221;Los Rayos del Castillejo&#8221; _builder_version=&#8221;3.0.47&#8243; tab_font=&#8221;||||&#8221; tab_line_height=&#8221;2em&#8221; tab_line_height_tablet=&#8221;2em&#8221; tab_line_height_phone=&#8221;2em&#8221; body_font=&#8221;||||&#8221; body_line_height=&#8221;2em&#8221; body_line_height_tablet=&#8221;2em&#8221; body_line_height_phone=&#8221;2em&#8221; background_size=&#8221;initial&#8221; background_position=&#8221;top_left&#8221; background_repeat=&#8221;repeat&#8221;]<\/p>\n<p style=\"text-align: justify;\"><img loading=\"lazy\" decoding=\"async\" class=\"size-full wp-image-434 alignleft\" src=\"https:\/\/ecoturismocorpochivor.gov.co\/wp-content\/uploads\/2017\/05\/Icono_9.png\" alt=\"\" width=\"48\" height=\"75\" \/>La cumbre del Castillejo adem\u00e1s de ser una recompensa\u00a0para el senderista ofrece una impresionante vista panor\u00e1mica del \u00e1rea propicia para contemplar y re\ufb02exionar\u00a0sobre las riquezas naturales del ecosistema y el compromiso humano de protegerlo, as\u00ed como el legado cultural\u00a0ancestral que posee.<\/p>\n<p style=\"text-align: justify;\">El Distrito Regional de Manejo Integrado (DRMI) p\u00e1ramos\u00a0de Cristales, Castillejo o Guachaneque se localiza sobre la cordillera Oriental, en el l\u00edmite sur occidental del departamento de Boyac\u00e1, en jurisdicci\u00f3n CORPOCHIVOR, hace\u00a0parte del territorio de la cuenca del r\u00edo Garagoa y posee\u00a0un \u00e1rea de 11.574 hectareas se enmarca en alturas que\u00a0van desde los 2.150 msnm en el \u00e1rea del p\u00e1ramo de Cristales en el municipio de Pachavita hasta 3.450 msnm en\u00a0la cuchilla La Buitrera en el p\u00e1ramo de Guachaneque, en\u00a0jurisdicci\u00f3n del municipio de \u00dambita. La presencia de\u00a0ecosistemas de p\u00e1ramo, facilita la in\ufb01ltraci\u00f3n del agua\u00a0super\ufb01cial, permitiendo una constante recarga de acu\u00edferos y el mantenimiento de niveles fre\u00e1ticos altos durante\u00a0gran parte del a\u00f1o. Por la presencia de coberturas vegetales como bosques naturales, arbustos y matorrales\u00a0sirven como h\u00e1bitat para la gran diversidad de fauna y\u00a0\ufb02ora silvestre que a\u00fan permanece en el \u00e1rea.<\/p>\n<p>[\/et_pb_tab][et_pb_tab title=&#8221;El Camino Ancestral&#8221; _builder_version=&#8221;3.0.47&#8243; tab_font=&#8221;||||&#8221; tab_line_height=&#8221;2em&#8221; tab_line_height_tablet=&#8221;2em&#8221; tab_line_height_phone=&#8221;2em&#8221; body_font=&#8221;||||&#8221; body_line_height=&#8221;2em&#8221; body_line_height_tablet=&#8221;2em&#8221; body_line_height_phone=&#8221;2em&#8221; background_size=&#8221;initial&#8221; background_position=&#8221;top_left&#8221; background_repeat=&#8221;repeat&#8221;]<\/p>\n<p><img loading=\"lazy\" decoding=\"async\" class=\"size-full wp-image-528 alignleft\" src=\"https:\/\/ecoturismocorpochivor.gov.co\/wp-content\/uploads\/2017\/05\/Icono_19.png\" alt=\"\" width=\"48\" height=\"75\" \/>Los Caminos ancestrales, tambi\u00e9n llamados Caminos\u00a0Reales o en algunos casos de herradura, constituyen antiguas redes o v\u00edas de comunicaci\u00f3n que permitieron\u00a0desde tiempos prehisp\u00e1nicos el transporte de personas y\u00a0mercanc\u00edas; siendo \u00dambita territorio con arraigo de pueblos originarios tuvo una importante interconexi\u00f3n con\u00a0otros pueblos a trav\u00e9s de dichos caminos de los que a\u00fan\u00a0se conservan algunos importantes vestigios.<\/p>\n<p>La cultura local cuenta con manifestaciones culturales\u00a0principalmente representadas en la m\u00fasica y la canta\u00a0campesina, en el fervor religioso muy arraigado en los hogares con participaci\u00f3n constante en celebraciones y festividades patronales y las tareas de labranza de la tierra\u00a0con cultivos heredados desde tiempos prehisp\u00e1nicos; la\u00a0tradici\u00f3n oral complementa este fervor religioso. La interacci\u00f3n del Umbitano con la naturaleza desde tiempos\u00a0ancestrales ha dado lugar a algunos relatos fant\u00e1sticos\u00a0sobre duendes y deidades protectoras del medio ambiente, especialmente en zonas de p\u00e1ramo. Las familias de\u00a0\u00dambita llevan una vida patriarcal, aman su parcela y el\u00a0hogar donde transcurre sencilla y pac\u00ed\ufb01ca una existencia\u00a0dedicada al trabajo y a las sanas costumbres, legado cultural de anta\u00f1o procurando siempre la interacci\u00f3n protectora con los recursos naturales.<\/p>\n<p>[\/et_pb_tab] [\/et_pb_tabs][\/et_pb_column][\/et_pb_row][\/et_pb_section][et_pb_section bb_built=&#8221;1&#8243; admin_label=&#8221;section&#8221; fullwidth=&#8221;on&#8221; _builder_version=&#8221;3.0.47&#8243;][et_pb_fullwidth_image src=&#8221;https:\/\/ecoturismocorpochivor.gov.co\/wp-content\/uploads\/2017\/05\/1-Cenefa-WEB.png&#8221; animation=&#8221;off&#8221; _builder_version=&#8221;3.0.47&#8243; \/][\/et_pb_section]<\/p>\n<!-- AddThis Advanced Settings generic via filter on the_content --><!-- AddThis Share Buttons generic via filter on the_content -->","protected":false},"excerpt":{"rendered":"<p>Ubicaci\u00f3n:\u00a0Municipio de \u00dambita, vereda Centro Arriba Longuitud:\u00a03.130 metros en total Tiempo de recorrido aprox: 2,5 Horas Dificultad: Alto Modalidad: Guiado Tipo de Sendero:\u00a0Recorrido semicircular Capacidad de Carga:\u00a08 personas al d\u00eda Puntos de Inter\u00e9s: Cerro de Castillejo a 3103 msnm Bosque h\u00famedo montano Avistamiento de \u00e1guilas (Buteo magnirostris) Por sus caracter\u00edsticas topogr\u00e1\ufb01cas y su ubicaci\u00f3n se [&hellip;]<\/p>\n<p><!-- AddThis Advanced Settings generic via filter on get_the_excerpt --><!-- AddThis Share Buttons generic via filter on get_the_excerpt --><\/p>\n","protected":false},"author":1,"featured_media":0,"parent":0,"menu_order":0,"comment_status":"closed","ping_status":"closed","template":"","meta":{"_et_pb_use_builder":"on","_et_pb_old_content":"","_et_gb_content_width":"","footnotes":""},"class_list":["post-52","page","type-page","status-publish","hentry"],"_links":{"self":[{"href":"https:\/\/ecoturismocorpochivor.gov.co\/index.php?rest_route=\/wp\/v2\/pages\/52","targetHints":{"allow":["GET"]}}],"collection":[{"href":"https:\/\/ecoturismocorpochivor.gov.co\/index.php?rest_route=\/wp\/v2\/pages"}],"about":[{"href":"https:\/\/ecoturismocorpochivor.gov.co\/index.php?rest_route=\/wp\/v2\/types\/page"}],"author":[{"embeddable":true,"href":"https:\/\/ecoturismocorpochivor.gov.co\/index.php?rest_route=\/wp\/v2\/users\/1"}],"replies":[{"embeddable":true,"href":"https:\/\/ecoturismocorpochivor.gov.co\/index.php?rest_route=%2Fwp%2Fv2%2Fcomments&post=52"}],"version-history":[{"count":0,"href":"https:\/\/ecoturismocorpochivor.gov.co\/index.php?rest_route=\/wp\/v2\/pages\/52\/revisions"}],"wp:attachment":[{"href":"https:\/\/ecoturismocorpochivor.gov.co\/index.php?rest_route=%2Fwp%2Fv2%2Fmedia&parent=52"}],"curies":[{"name":"wp","href":"https:\/\/api.w.org\/{rel}","templated":true}]}}